{"id":1606,"date":"2023-07-10T13:23:39","date_gmt":"2023-07-10T17:23:39","guid":{"rendered":"https:\/\/tremblanthome.com\/?page_id=1606"},"modified":"2024-07-18T12:50:59","modified_gmt":"2024-07-18T16:50:59","slug":"medias","status":"publish","type":"page","link":"https:\/\/tremblanthome.com\/fr\/groupe-hummell\/medias\/","title":{"rendered":"M\u00e9dias"},"content":{"rendered":"","protected":false},"excerpt":{"rendered":"","protected":false},"author":1,"featured_media":0,"parent":513,"menu_order":0,"comment_status":"closed","ping_status":"closed","template":"","meta":{"_acf_changed":false,"om_disable_all_campaigns":false,"footnotes":""},"class_list":["post-1606","page","type-page","status-publish","hentry","entry"],"acf":[],"yoast_head":"<!-- This site is optimized with the Yoast SEO plugin v26.8 - https:\/\/yoast.com\/product\/yoast-seo-wordpress\/ -->\n<title>M\u00e9dias Groupe Hummell | Actualit\u00e9s et Mises \u00e0 Jour<\/title>\n<meta name=\"description\" content=\"Restez inform\u00e9 avec les m\u00e9dias Groupe Hummell pour les derni\u00e8res actualit\u00e9s et mises \u00e0 jour. Explorez notre couverture m\u00e9diatique et annonces d&#039;entreprise.\" \/>\n<meta name=\"robots\" content=\"index, follow, max-snippet:-1, max-image-preview:large, max-video-preview:-1\" \/>\n<link rel=\"canonical\" href=\"https:\/\/tremblanthome.com\/fr\/groupe-hummell\/medias\/\" \/>\n<meta property=\"og:locale\" content=\"fr_FR\" \/>\n<meta property=\"og:type\" content=\"article\" \/>\n<meta property=\"og:title\" content=\"M\u00e9dias Groupe Hummell | Actualit\u00e9s et Mises \u00e0 Jour\" \/>\n<meta property=\"og:description\" content=\"Restez inform\u00e9 avec les m\u00e9dias Groupe Hummell pour les derni\u00e8res actualit\u00e9s et mises \u00e0 jour. Explorez notre couverture m\u00e9diatique et annonces d&#039;entreprise.\" \/>\n<meta property=\"og:url\" content=\"https:\/\/tremblanthome.com\/fr\/groupe-hummell\/medias\/\" \/>\n<meta property=\"og:site_name\" content=\"Sean Hummell - Tremblant Home\" \/>\n<meta property=\"article:modified_time\" content=\"2024-07-18T16:50:59+00:00\" \/>\n<meta name=\"twitter:card\" content=\"summary_large_image\" \/>\n<script type=\"application\/ld+json\" class=\"yoast-schema-graph\">{\"@context\":\"https:\/\/schema.org\",\"@graph\":[{\"@type\":\"WebPage\",\"@id\":\"https:\/\/tremblanthome.com\/fr\/groupe-hummell\/medias\/\",\"url\":\"https:\/\/tremblanthome.com\/fr\/groupe-hummell\/medias\/\",\"name\":\"M\u00e9dias Groupe Hummell | Actualit\u00e9s et Mises \u00e0 Jour\",\"isPartOf\":{\"@id\":\"https:\/\/tremblanthome.com\/fr\/#website\"},\"datePublished\":\"2023-07-10T17:23:39+00:00\",\"dateModified\":\"2024-07-18T16:50:59+00:00\",\"description\":\"Restez inform\u00e9 avec les m\u00e9dias Groupe Hummell pour les derni\u00e8res actualit\u00e9s et mises \u00e0 jour. Explorez notre couverture m\u00e9diatique et annonces d'entreprise.\",\"breadcrumb\":{\"@id\":\"https:\/\/tremblanthome.com\/fr\/groupe-hummell\/medias\/#breadcrumb\"},\"inLanguage\":\"fr-FR\",\"potentialAction\":[{\"@type\":\"ReadAction\",\"target\":[\"https:\/\/tremblanthome.com\/fr\/groupe-hummell\/medias\/\"]}]},{\"@type\":\"BreadcrumbList\",\"@id\":\"https:\/\/tremblanthome.com\/fr\/groupe-hummell\/medias\/#breadcrumb\",\"itemListElement\":[{\"@type\":\"ListItem\",\"position\":1,\"name\":\"Home\",\"item\":\"https:\/\/tremblanthome.com\/fr\/accueil\/\"},{\"@type\":\"ListItem\",\"position\":2,\"name\":\"Groupe Hummell\",\"item\":\"https:\/\/tremblanthome.com\/fr\/groupe-hummell\/\"},{\"@type\":\"ListItem\",\"position\":3,\"name\":\"M\u00e9dias\"}]},{\"@type\":\"WebSite\",\"@id\":\"https:\/\/tremblanthome.com\/fr\/#website\",\"url\":\"https:\/\/tremblanthome.com\/fr\/\",\"name\":\"Sean Hummell - Tremblant Home\",\"description\":\"Real Estate Broke Engel &amp; V\u00f6lkers\",\"potentialAction\":[{\"@type\":\"SearchAction\",\"target\":{\"@type\":\"EntryPoint\",\"urlTemplate\":\"https:\/\/tremblanthome.com\/fr\/?s={search_term_string}\"},\"query-input\":{\"@type\":\"PropertyValueSpecification\",\"valueRequired\":true,\"valueName\":\"search_term_string\"}}],\"inLanguage\":\"fr-FR\"}]}<\/script>\n<!-- \/ Yoast SEO plugin. -->","yoast_head_json":{"title":"M\u00e9dias Groupe Hummell | Actualit\u00e9s et Mises \u00e0 Jour","description":"Restez inform\u00e9 avec les m\u00e9dias Groupe Hummell pour les derni\u00e8res actualit\u00e9s et mises \u00e0 jour. Explorez notre couverture m\u00e9diatique et annonces d'entreprise.","robots":{"index":"index","follow":"follow","max-snippet":"max-snippet:-1","max-image-preview":"max-image-preview:large","max-video-preview":"max-video-preview:-1"},"canonical":"https:\/\/tremblanthome.com\/fr\/groupe-hummell\/medias\/","og_locale":"fr_FR","og_type":"article","og_title":"M\u00e9dias Groupe Hummell | Actualit\u00e9s et Mises \u00e0 Jour","og_description":"Restez inform\u00e9 avec les m\u00e9dias Groupe Hummell pour les derni\u00e8res actualit\u00e9s et mises \u00e0 jour. Explorez notre couverture m\u00e9diatique et annonces d'entreprise.","og_url":"https:\/\/tremblanthome.com\/fr\/groupe-hummell\/medias\/","og_site_name":"Sean Hummell - Tremblant Home","article_modified_time":"2024-07-18T16:50:59+00:00","twitter_card":"summary_large_image","schema":{"@context":"https:\/\/schema.org","@graph":[{"@type":"WebPage","@id":"https:\/\/tremblanthome.com\/fr\/groupe-hummell\/medias\/","url":"https:\/\/tremblanthome.com\/fr\/groupe-hummell\/medias\/","name":"M\u00e9dias Groupe Hummell | Actualit\u00e9s et Mises \u00e0 Jour","isPartOf":{"@id":"https:\/\/tremblanthome.com\/fr\/#website"},"datePublished":"2023-07-10T17:23:39+00:00","dateModified":"2024-07-18T16:50:59+00:00","description":"Restez inform\u00e9 avec les m\u00e9dias Groupe Hummell pour les derni\u00e8res actualit\u00e9s et mises \u00e0 jour. Explorez notre couverture m\u00e9diatique et annonces d'entreprise.","breadcrumb":{"@id":"https:\/\/tremblanthome.com\/fr\/groupe-hummell\/medias\/#breadcrumb"},"inLanguage":"fr-FR","potentialAction":[{"@type":"ReadAction","target":["https:\/\/tremblanthome.com\/fr\/groupe-hummell\/medias\/"]}]},{"@type":"BreadcrumbList","@id":"https:\/\/tremblanthome.com\/fr\/groupe-hummell\/medias\/#breadcrumb","itemListElement":[{"@type":"ListItem","position":1,"name":"Home","item":"https:\/\/tremblanthome.com\/fr\/accueil\/"},{"@type":"ListItem","position":2,"name":"Groupe Hummell","item":"https:\/\/tremblanthome.com\/fr\/groupe-hummell\/"},{"@type":"ListItem","position":3,"name":"M\u00e9dias"}]},{"@type":"WebSite","@id":"https:\/\/tremblanthome.com\/fr\/#website","url":"https:\/\/tremblanthome.com\/fr\/","name":"Sean Hummell - Tremblant Home","description":"Real Estate Broke Engel &amp; V\u00f6lkers","potentialAction":[{"@type":"SearchAction","target":{"@type":"EntryPoint","urlTemplate":"https:\/\/tremblanthome.com\/fr\/?s={search_term_string}"},"query-input":{"@type":"PropertyValueSpecification","valueRequired":true,"valueName":"search_term_string"}}],"inLanguage":"fr-FR"}]}},"_links":{"self":[{"href":"https:\/\/tremblanthome.com\/fr\/wp-json\/wp\/v2\/pages\/1606","targetHints":{"allow":["GET"]}}],"collection":[{"href":"https:\/\/tremblanthome.com\/fr\/wp-json\/wp\/v2\/pages"}],"about":[{"href":"https:\/\/tremblanthome.com\/fr\/wp-json\/wp\/v2\/types\/page"}],"author":[{"embeddable":true,"href":"https:\/\/tremblanthome.com\/fr\/wp-json\/wp\/v2\/users\/1"}],"replies":[{"embeddable":true,"href":"https:\/\/tremblanthome.com\/fr\/wp-json\/wp\/v2\/comments?post=1606"}],"version-history":[{"count":14,"href":"https:\/\/tremblanthome.com\/fr\/wp-json\/wp\/v2\/pages\/1606\/revisions"}],"predecessor-version":[{"id":2828,"href":"https:\/\/tremblanthome.com\/fr\/wp-json\/wp\/v2\/pages\/1606\/revisions\/2828"}],"up":[{"embeddable":true,"href":"https:\/\/tremblanthome.com\/fr\/wp-json\/wp\/v2\/pages\/513"}],"wp:attachment":[{"href":"https:\/\/tremblanthome.com\/fr\/wp-json\/wp\/v2\/media?parent=1606"}],"curies":[{"name":"wp","href":"https:\/\/api.w.org\/{rel}","templated":true}]}}