{"id":213,"date":"2022-11-28T07:52:58","date_gmt":"2022-11-28T12:52:58","guid":{"rendered":"http:\/\/tremblanthome.com\/?page_id=213"},"modified":"2025-06-25T06:54:03","modified_gmt":"2025-06-25T10:54:03","slug":"a-vendre","status":"publish","type":"page","link":"https:\/\/tremblanthome.com\/fr\/a-vendre\/","title":{"rendered":"\u00c0 vendre"},"content":{"rendered":"","protected":false},"excerpt":{"rendered":"","protected":false},"author":1,"featured_media":0,"parent":0,"menu_order":0,"comment_status":"closed","ping_status":"closed","template":"","meta":{"_acf_changed":false,"om_disable_all_campaigns":false,"footnotes":""},"class_list":["post-213","page","type-page","status-publish","hentry","entry"],"acf":[],"yoast_head":"<!-- This site is optimized with the Yoast SEO plugin v26.8 - https:\/\/yoast.com\/product\/yoast-seo-wordpress\/ -->\n<title>Maison \u00e0 Vendre \u00e0 Mont-Tremblant - Sean Hummell<\/title>\n<meta name=\"description\" content=\"S\u00e9lection exclusive de maison \u00e0 vendre \u00e0 Mont-Tremblant. Laissez-nous vous aider \u00e0 trouver la maison de vos r\u00eaves dans l&#039;un des meilleurs paysages du Qu\u00e9bec.\" \/>\n<meta name=\"robots\" content=\"index, follow, max-snippet:-1, max-image-preview:large, max-video-preview:-1\" \/>\n<link rel=\"canonical\" href=\"https:\/\/tremblanthome.com\/fr\/a-vendre\/\" \/>\n<meta property=\"og:locale\" content=\"fr_FR\" \/>\n<meta property=\"og:type\" content=\"article\" \/>\n<meta property=\"og:title\" content=\"Maison \u00e0 Vendre \u00e0 Mont-Tremblant - Sean Hummell\" \/>\n<meta property=\"og:description\" content=\"S\u00e9lection exclusive de maison \u00e0 vendre \u00e0 Mont-Tremblant. Laissez-nous vous aider \u00e0 trouver la maison de vos r\u00eaves dans l&#039;un des meilleurs paysages du Qu\u00e9bec.\" \/>\n<meta property=\"og:url\" content=\"https:\/\/tremblanthome.com\/fr\/a-vendre\/\" \/>\n<meta property=\"og:site_name\" content=\"Sean Hummell - Tremblant Home\" \/>\n<meta property=\"article:modified_time\" content=\"2025-06-25T10:54:03+00:00\" \/>\n<meta name=\"twitter:card\" content=\"summary_large_image\" \/>\n<script type=\"application\/ld+json\" class=\"yoast-schema-graph\">{\"@context\":\"https:\/\/schema.org\",\"@graph\":[{\"@type\":\"WebPage\",\"@id\":\"https:\/\/tremblanthome.com\/fr\/a-vendre\/\",\"url\":\"https:\/\/tremblanthome.com\/fr\/a-vendre\/\",\"name\":\"Maison \u00e0 Vendre \u00e0 Mont-Tremblant - Sean Hummell\",\"isPartOf\":{\"@id\":\"https:\/\/tremblanthome.com\/fr\/#website\"},\"datePublished\":\"2022-11-28T12:52:58+00:00\",\"dateModified\":\"2025-06-25T10:54:03+00:00\",\"description\":\"S\u00e9lection exclusive de maison \u00e0 vendre \u00e0 Mont-Tremblant. Laissez-nous vous aider \u00e0 trouver la maison de vos r\u00eaves dans l'un des meilleurs paysages du Qu\u00e9bec.\",\"breadcrumb\":{\"@id\":\"https:\/\/tremblanthome.com\/fr\/a-vendre\/#breadcrumb\"},\"inLanguage\":\"fr-FR\",\"potentialAction\":[{\"@type\":\"ReadAction\",\"target\":[\"https:\/\/tremblanthome.com\/fr\/a-vendre\/\"]}]},{\"@type\":\"BreadcrumbList\",\"@id\":\"https:\/\/tremblanthome.com\/fr\/a-vendre\/#breadcrumb\",\"itemListElement\":[{\"@type\":\"ListItem\",\"position\":1,\"name\":\"Home\",\"item\":\"https:\/\/tremblanthome.com\/fr\/accueil\/\"},{\"@type\":\"ListItem\",\"position\":2,\"name\":\"\u00c0 vendre\"}]},{\"@type\":\"WebSite\",\"@id\":\"https:\/\/tremblanthome.com\/fr\/#website\",\"url\":\"https:\/\/tremblanthome.com\/fr\/\",\"name\":\"Sean Hummell - Tremblant Home\",\"description\":\"Real Estate Broke Engel &amp; V\u00f6lkers\",\"potentialAction\":[{\"@type\":\"SearchAction\",\"target\":{\"@type\":\"EntryPoint\",\"urlTemplate\":\"https:\/\/tremblanthome.com\/fr\/?s={search_term_string}\"},\"query-input\":{\"@type\":\"PropertyValueSpecification\",\"valueRequired\":true,\"valueName\":\"search_term_string\"}}],\"inLanguage\":\"fr-FR\"}]}<\/script>\n<!-- \/ Yoast SEO plugin. -->","yoast_head_json":{"title":"Maison \u00e0 Vendre \u00e0 Mont-Tremblant - Sean Hummell","description":"S\u00e9lection exclusive de maison \u00e0 vendre \u00e0 Mont-Tremblant. Laissez-nous vous aider \u00e0 trouver la maison de vos r\u00eaves dans l'un des meilleurs paysages du Qu\u00e9bec.","robots":{"index":"index","follow":"follow","max-snippet":"max-snippet:-1","max-image-preview":"max-image-preview:large","max-video-preview":"max-video-preview:-1"},"canonical":"https:\/\/tremblanthome.com\/fr\/a-vendre\/","og_locale":"fr_FR","og_type":"article","og_title":"Maison \u00e0 Vendre \u00e0 Mont-Tremblant - Sean Hummell","og_description":"S\u00e9lection exclusive de maison \u00e0 vendre \u00e0 Mont-Tremblant. Laissez-nous vous aider \u00e0 trouver la maison de vos r\u00eaves dans l'un des meilleurs paysages du Qu\u00e9bec.","og_url":"https:\/\/tremblanthome.com\/fr\/a-vendre\/","og_site_name":"Sean Hummell - Tremblant Home","article_modified_time":"2025-06-25T10:54:03+00:00","twitter_card":"summary_large_image","schema":{"@context":"https:\/\/schema.org","@graph":[{"@type":"WebPage","@id":"https:\/\/tremblanthome.com\/fr\/a-vendre\/","url":"https:\/\/tremblanthome.com\/fr\/a-vendre\/","name":"Maison \u00e0 Vendre \u00e0 Mont-Tremblant - Sean Hummell","isPartOf":{"@id":"https:\/\/tremblanthome.com\/fr\/#website"},"datePublished":"2022-11-28T12:52:58+00:00","dateModified":"2025-06-25T10:54:03+00:00","description":"S\u00e9lection exclusive de maison \u00e0 vendre \u00e0 Mont-Tremblant. Laissez-nous vous aider \u00e0 trouver la maison de vos r\u00eaves dans l'un des meilleurs paysages du Qu\u00e9bec.","breadcrumb":{"@id":"https:\/\/tremblanthome.com\/fr\/a-vendre\/#breadcrumb"},"inLanguage":"fr-FR","potentialAction":[{"@type":"ReadAction","target":["https:\/\/tremblanthome.com\/fr\/a-vendre\/"]}]},{"@type":"BreadcrumbList","@id":"https:\/\/tremblanthome.com\/fr\/a-vendre\/#breadcrumb","itemListElement":[{"@type":"ListItem","position":1,"name":"Home","item":"https:\/\/tremblanthome.com\/fr\/accueil\/"},{"@type":"ListItem","position":2,"name":"\u00c0 vendre"}]},{"@type":"WebSite","@id":"https:\/\/tremblanthome.com\/fr\/#website","url":"https:\/\/tremblanthome.com\/fr\/","name":"Sean Hummell - Tremblant Home","description":"Real Estate Broke Engel &amp; V\u00f6lkers","potentialAction":[{"@type":"SearchAction","target":{"@type":"EntryPoint","urlTemplate":"https:\/\/tremblanthome.com\/fr\/?s={search_term_string}"},"query-input":{"@type":"PropertyValueSpecification","valueRequired":true,"valueName":"search_term_string"}}],"inLanguage":"fr-FR"}]}},"_links":{"self":[{"href":"https:\/\/tremblanthome.com\/fr\/wp-json\/wp\/v2\/pages\/213","targetHints":{"allow":["GET"]}}],"collection":[{"href":"https:\/\/tremblanthome.com\/fr\/wp-json\/wp\/v2\/pages"}],"about":[{"href":"https:\/\/tremblanthome.com\/fr\/wp-json\/wp\/v2\/types\/page"}],"author":[{"embeddable":true,"href":"https:\/\/tremblanthome.com\/fr\/wp-json\/wp\/v2\/users\/1"}],"replies":[{"embeddable":true,"href":"https:\/\/tremblanthome.com\/fr\/wp-json\/wp\/v2\/comments?post=213"}],"version-history":[{"count":12,"href":"https:\/\/tremblanthome.com\/fr\/wp-json\/wp\/v2\/pages\/213\/revisions"}],"predecessor-version":[{"id":5250,"href":"https:\/\/tremblanthome.com\/fr\/wp-json\/wp\/v2\/pages\/213\/revisions\/5250"}],"wp:attachment":[{"href":"https:\/\/tremblanthome.com\/fr\/wp-json\/wp\/v2\/media?parent=213"}],"curies":[{"name":"wp","href":"https:\/\/api.w.org\/{rel}","templated":true}]}}