{"id":498,"date":"2022-11-28T07:53:53","date_gmt":"2022-11-28T12:53:53","guid":{"rendered":"http:\/\/tremblanthome.com\/?page_id=498"},"modified":"2025-01-10T10:04:08","modified_gmt":"2025-01-10T15:04:08","slug":"nous-joindre","status":"publish","type":"page","link":"https:\/\/tremblanthome.com\/fr\/nous-joindre\/","title":{"rendered":"Nous joindre"},"content":{"rendered":"","protected":false},"excerpt":{"rendered":"","protected":false},"author":1,"featured_media":0,"parent":0,"menu_order":0,"comment_status":"closed","ping_status":"closed","template":"","meta":{"_acf_changed":false,"om_disable_all_campaigns":false,"footnotes":""},"class_list":["post-498","page","type-page","status-publish","hentry","entry"],"acf":[],"yoast_head":"<!-- This site is optimized with the Yoast SEO plugin v26.8 - https:\/\/yoast.com\/product\/yoast-seo-wordpress\/ -->\n<title>Contactez Tremblant Home | Prendre Contact<\/title>\n<meta name=\"description\" content=\"Contactez Tremblant Home pour toute question ou demande d&#039;information. N&#039;h\u00e9sitez pas \u00e0 nous contacter pour visiter nos d\u00e9veloppements.\" \/>\n<meta name=\"robots\" content=\"index, follow, max-snippet:-1, max-image-preview:large, max-video-preview:-1\" \/>\n<link rel=\"canonical\" href=\"https:\/\/tremblanthome.com\/fr\/nous-joindre\/\" \/>\n<meta property=\"og:locale\" content=\"fr_FR\" \/>\n<meta property=\"og:type\" content=\"article\" \/>\n<meta property=\"og:title\" content=\"Contactez Tremblant Home | Prendre Contact\" \/>\n<meta property=\"og:description\" content=\"Contactez Tremblant Home pour toute question ou demande d&#039;information. N&#039;h\u00e9sitez pas \u00e0 nous contacter pour visiter nos d\u00e9veloppements.\" \/>\n<meta property=\"og:url\" content=\"https:\/\/tremblanthome.com\/fr\/nous-joindre\/\" \/>\n<meta property=\"og:site_name\" content=\"Sean Hummell - Tremblant Home\" \/>\n<meta property=\"article:modified_time\" content=\"2025-01-10T15:04:08+00:00\" \/>\n<meta name=\"twitter:card\" content=\"summary_large_image\" \/>\n<script type=\"application\/ld+json\" class=\"yoast-schema-graph\">{\"@context\":\"https:\/\/schema.org\",\"@graph\":[{\"@type\":\"WebPage\",\"@id\":\"https:\/\/tremblanthome.com\/fr\/nous-joindre\/\",\"url\":\"https:\/\/tremblanthome.com\/fr\/nous-joindre\/\",\"name\":\"Contactez Tremblant Home | Prendre Contact\",\"isPartOf\":{\"@id\":\"https:\/\/tremblanthome.com\/fr\/#website\"},\"datePublished\":\"2022-11-28T12:53:53+00:00\",\"dateModified\":\"2025-01-10T15:04:08+00:00\",\"description\":\"Contactez Tremblant Home pour toute question ou demande d'information. N'h\u00e9sitez pas \u00e0 nous contacter pour visiter nos d\u00e9veloppements.\",\"breadcrumb\":{\"@id\":\"https:\/\/tremblanthome.com\/fr\/nous-joindre\/#breadcrumb\"},\"inLanguage\":\"fr-FR\",\"potentialAction\":[{\"@type\":\"ReadAction\",\"target\":[\"https:\/\/tremblanthome.com\/fr\/nous-joindre\/\"]}]},{\"@type\":\"BreadcrumbList\",\"@id\":\"https:\/\/tremblanthome.com\/fr\/nous-joindre\/#breadcrumb\",\"itemListElement\":[{\"@type\":\"ListItem\",\"position\":1,\"name\":\"Home\",\"item\":\"https:\/\/tremblanthome.com\/fr\/accueil\/\"},{\"@type\":\"ListItem\",\"position\":2,\"name\":\"Nous joindre\"}]},{\"@type\":\"WebSite\",\"@id\":\"https:\/\/tremblanthome.com\/fr\/#website\",\"url\":\"https:\/\/tremblanthome.com\/fr\/\",\"name\":\"Sean Hummell - Tremblant Home\",\"description\":\"Real Estate Broke Engel &amp; V\u00f6lkers\",\"potentialAction\":[{\"@type\":\"SearchAction\",\"target\":{\"@type\":\"EntryPoint\",\"urlTemplate\":\"https:\/\/tremblanthome.com\/fr\/?s={search_term_string}\"},\"query-input\":{\"@type\":\"PropertyValueSpecification\",\"valueRequired\":true,\"valueName\":\"search_term_string\"}}],\"inLanguage\":\"fr-FR\"}]}<\/script>\n<!-- \/ Yoast SEO plugin. -->","yoast_head_json":{"title":"Contactez Tremblant Home | Prendre Contact","description":"Contactez Tremblant Home pour toute question ou demande d'information. N'h\u00e9sitez pas \u00e0 nous contacter pour visiter nos d\u00e9veloppements.","robots":{"index":"index","follow":"follow","max-snippet":"max-snippet:-1","max-image-preview":"max-image-preview:large","max-video-preview":"max-video-preview:-1"},"canonical":"https:\/\/tremblanthome.com\/fr\/nous-joindre\/","og_locale":"fr_FR","og_type":"article","og_title":"Contactez Tremblant Home | Prendre Contact","og_description":"Contactez Tremblant Home pour toute question ou demande d'information. N'h\u00e9sitez pas \u00e0 nous contacter pour visiter nos d\u00e9veloppements.","og_url":"https:\/\/tremblanthome.com\/fr\/nous-joindre\/","og_site_name":"Sean Hummell - Tremblant Home","article_modified_time":"2025-01-10T15:04:08+00:00","twitter_card":"summary_large_image","schema":{"@context":"https:\/\/schema.org","@graph":[{"@type":"WebPage","@id":"https:\/\/tremblanthome.com\/fr\/nous-joindre\/","url":"https:\/\/tremblanthome.com\/fr\/nous-joindre\/","name":"Contactez Tremblant Home | Prendre Contact","isPartOf":{"@id":"https:\/\/tremblanthome.com\/fr\/#website"},"datePublished":"2022-11-28T12:53:53+00:00","dateModified":"2025-01-10T15:04:08+00:00","description":"Contactez Tremblant Home pour toute question ou demande d'information. N'h\u00e9sitez pas \u00e0 nous contacter pour visiter nos d\u00e9veloppements.","breadcrumb":{"@id":"https:\/\/tremblanthome.com\/fr\/nous-joindre\/#breadcrumb"},"inLanguage":"fr-FR","potentialAction":[{"@type":"ReadAction","target":["https:\/\/tremblanthome.com\/fr\/nous-joindre\/"]}]},{"@type":"BreadcrumbList","@id":"https:\/\/tremblanthome.com\/fr\/nous-joindre\/#breadcrumb","itemListElement":[{"@type":"ListItem","position":1,"name":"Home","item":"https:\/\/tremblanthome.com\/fr\/accueil\/"},{"@type":"ListItem","position":2,"name":"Nous joindre"}]},{"@type":"WebSite","@id":"https:\/\/tremblanthome.com\/fr\/#website","url":"https:\/\/tremblanthome.com\/fr\/","name":"Sean Hummell - Tremblant Home","description":"Real Estate Broke Engel &amp; V\u00f6lkers","potentialAction":[{"@type":"SearchAction","target":{"@type":"EntryPoint","urlTemplate":"https:\/\/tremblanthome.com\/fr\/?s={search_term_string}"},"query-input":{"@type":"PropertyValueSpecification","valueRequired":true,"valueName":"search_term_string"}}],"inLanguage":"fr-FR"}]}},"_links":{"self":[{"href":"https:\/\/tremblanthome.com\/fr\/wp-json\/wp\/v2\/pages\/498","targetHints":{"allow":["GET"]}}],"collection":[{"href":"https:\/\/tremblanthome.com\/fr\/wp-json\/wp\/v2\/pages"}],"about":[{"href":"https:\/\/tremblanthome.com\/fr\/wp-json\/wp\/v2\/types\/page"}],"author":[{"embeddable":true,"href":"https:\/\/tremblanthome.com\/fr\/wp-json\/wp\/v2\/users\/1"}],"replies":[{"embeddable":true,"href":"https:\/\/tremblanthome.com\/fr\/wp-json\/wp\/v2\/comments?post=498"}],"version-history":[{"count":12,"href":"https:\/\/tremblanthome.com\/fr\/wp-json\/wp\/v2\/pages\/498\/revisions"}],"predecessor-version":[{"id":4693,"href":"https:\/\/tremblanthome.com\/fr\/wp-json\/wp\/v2\/pages\/498\/revisions\/4693"}],"wp:attachment":[{"href":"https:\/\/tremblanthome.com\/fr\/wp-json\/wp\/v2\/media?parent=498"}],"curies":[{"name":"wp","href":"https:\/\/api.w.org\/{rel}","templated":true}]}}