{"id":503,"date":"2022-11-28T07:53:32","date_gmt":"2022-11-28T12:53:32","guid":{"rendered":"http:\/\/tremblanthome.com\/?page_id=503"},"modified":"2025-06-25T06:55:34","modified_gmt":"2025-06-25T10:55:34","slug":"developpement","status":"publish","type":"page","link":"https:\/\/tremblanthome.com\/fr\/developpement\/","title":{"rendered":"D\u00e9veloppement"},"content":{"rendered":"","protected":false},"excerpt":{"rendered":"","protected":false},"author":1,"featured_media":0,"parent":0,"menu_order":0,"comment_status":"closed","ping_status":"closed","template":"","meta":{"_acf_changed":false,"om_disable_all_campaigns":false,"footnotes":""},"class_list":["post-503","page","type-page","status-publish","hentry","entry"],"acf":[],"yoast_head":"<!-- This site is optimized with the Yoast SEO plugin v26.8 - https:\/\/yoast.com\/product\/yoast-seo-wordpress\/ -->\n<title>Propri\u00e9t\u00e9 Pour D\u00e9veloppement - Sean Hummell - Tremblant Home<\/title>\n<meta name=\"description\" content=\"Vous cherchez une propri\u00e9t\u00e9 en cours de d\u00e9veloppement \u00e0 Mont-Tremblant ? Sean Hummell poss\u00e8de la meilleure s\u00e9lection d&#039;opportunit\u00e9s de d\u00e9veloppement \u00e0 Tremblant.\" \/>\n<meta name=\"robots\" content=\"index, follow, max-snippet:-1, max-image-preview:large, max-video-preview:-1\" \/>\n<link rel=\"canonical\" href=\"https:\/\/tremblanthome.com\/fr\/developpement\/\" \/>\n<meta property=\"og:locale\" content=\"fr_FR\" \/>\n<meta property=\"og:type\" content=\"article\" \/>\n<meta property=\"og:title\" content=\"Propri\u00e9t\u00e9 Pour D\u00e9veloppement - Sean Hummell - Tremblant Home\" \/>\n<meta property=\"og:description\" content=\"Vous cherchez une propri\u00e9t\u00e9 en cours de d\u00e9veloppement \u00e0 Mont-Tremblant ? Sean Hummell poss\u00e8de la meilleure s\u00e9lection d&#039;opportunit\u00e9s de d\u00e9veloppement \u00e0 Tremblant.\" \/>\n<meta property=\"og:url\" content=\"https:\/\/tremblanthome.com\/fr\/developpement\/\" \/>\n<meta property=\"og:site_name\" content=\"Sean Hummell - Tremblant Home\" \/>\n<meta property=\"article:modified_time\" content=\"2025-06-25T10:55:34+00:00\" \/>\n<meta name=\"twitter:card\" content=\"summary_large_image\" \/>\n<script type=\"application\/ld+json\" class=\"yoast-schema-graph\">{\"@context\":\"https:\/\/schema.org\",\"@graph\":[{\"@type\":\"WebPage\",\"@id\":\"https:\/\/tremblanthome.com\/fr\/developpement\/\",\"url\":\"https:\/\/tremblanthome.com\/fr\/developpement\/\",\"name\":\"Propri\u00e9t\u00e9 Pour D\u00e9veloppement - Sean Hummell - Tremblant Home\",\"isPartOf\":{\"@id\":\"https:\/\/tremblanthome.com\/fr\/#website\"},\"datePublished\":\"2022-11-28T12:53:32+00:00\",\"dateModified\":\"2025-06-25T10:55:34+00:00\",\"description\":\"Vous cherchez une propri\u00e9t\u00e9 en cours de d\u00e9veloppement \u00e0 Mont-Tremblant ? Sean Hummell poss\u00e8de la meilleure s\u00e9lection d'opportunit\u00e9s de d\u00e9veloppement \u00e0 Tremblant.\",\"breadcrumb\":{\"@id\":\"https:\/\/tremblanthome.com\/fr\/developpement\/#breadcrumb\"},\"inLanguage\":\"fr-FR\",\"potentialAction\":[{\"@type\":\"ReadAction\",\"target\":[\"https:\/\/tremblanthome.com\/fr\/developpement\/\"]}]},{\"@type\":\"BreadcrumbList\",\"@id\":\"https:\/\/tremblanthome.com\/fr\/developpement\/#breadcrumb\",\"itemListElement\":[{\"@type\":\"ListItem\",\"position\":1,\"name\":\"Home\",\"item\":\"https:\/\/tremblanthome.com\/fr\/accueil\/\"},{\"@type\":\"ListItem\",\"position\":2,\"name\":\"D\u00e9veloppement\"}]},{\"@type\":\"WebSite\",\"@id\":\"https:\/\/tremblanthome.com\/fr\/#website\",\"url\":\"https:\/\/tremblanthome.com\/fr\/\",\"name\":\"Sean Hummell - Tremblant Home\",\"description\":\"Real Estate Broke Engel &amp; V\u00f6lkers\",\"potentialAction\":[{\"@type\":\"SearchAction\",\"target\":{\"@type\":\"EntryPoint\",\"urlTemplate\":\"https:\/\/tremblanthome.com\/fr\/?s={search_term_string}\"},\"query-input\":{\"@type\":\"PropertyValueSpecification\",\"valueRequired\":true,\"valueName\":\"search_term_string\"}}],\"inLanguage\":\"fr-FR\"}]}<\/script>\n<!-- \/ Yoast SEO plugin. -->","yoast_head_json":{"title":"Propri\u00e9t\u00e9 Pour D\u00e9veloppement - Sean Hummell - Tremblant Home","description":"Vous cherchez une propri\u00e9t\u00e9 en cours de d\u00e9veloppement \u00e0 Mont-Tremblant ? Sean Hummell poss\u00e8de la meilleure s\u00e9lection d'opportunit\u00e9s de d\u00e9veloppement \u00e0 Tremblant.","robots":{"index":"index","follow":"follow","max-snippet":"max-snippet:-1","max-image-preview":"max-image-preview:large","max-video-preview":"max-video-preview:-1"},"canonical":"https:\/\/tremblanthome.com\/fr\/developpement\/","og_locale":"fr_FR","og_type":"article","og_title":"Propri\u00e9t\u00e9 Pour D\u00e9veloppement - Sean Hummell - Tremblant Home","og_description":"Vous cherchez une propri\u00e9t\u00e9 en cours de d\u00e9veloppement \u00e0 Mont-Tremblant ? Sean Hummell poss\u00e8de la meilleure s\u00e9lection d'opportunit\u00e9s de d\u00e9veloppement \u00e0 Tremblant.","og_url":"https:\/\/tremblanthome.com\/fr\/developpement\/","og_site_name":"Sean Hummell - Tremblant Home","article_modified_time":"2025-06-25T10:55:34+00:00","twitter_card":"summary_large_image","schema":{"@context":"https:\/\/schema.org","@graph":[{"@type":"WebPage","@id":"https:\/\/tremblanthome.com\/fr\/developpement\/","url":"https:\/\/tremblanthome.com\/fr\/developpement\/","name":"Propri\u00e9t\u00e9 Pour D\u00e9veloppement - Sean Hummell - Tremblant Home","isPartOf":{"@id":"https:\/\/tremblanthome.com\/fr\/#website"},"datePublished":"2022-11-28T12:53:32+00:00","dateModified":"2025-06-25T10:55:34+00:00","description":"Vous cherchez une propri\u00e9t\u00e9 en cours de d\u00e9veloppement \u00e0 Mont-Tremblant ? Sean Hummell poss\u00e8de la meilleure s\u00e9lection d'opportunit\u00e9s de d\u00e9veloppement \u00e0 Tremblant.","breadcrumb":{"@id":"https:\/\/tremblanthome.com\/fr\/developpement\/#breadcrumb"},"inLanguage":"fr-FR","potentialAction":[{"@type":"ReadAction","target":["https:\/\/tremblanthome.com\/fr\/developpement\/"]}]},{"@type":"BreadcrumbList","@id":"https:\/\/tremblanthome.com\/fr\/developpement\/#breadcrumb","itemListElement":[{"@type":"ListItem","position":1,"name":"Home","item":"https:\/\/tremblanthome.com\/fr\/accueil\/"},{"@type":"ListItem","position":2,"name":"D\u00e9veloppement"}]},{"@type":"WebSite","@id":"https:\/\/tremblanthome.com\/fr\/#website","url":"https:\/\/tremblanthome.com\/fr\/","name":"Sean Hummell - Tremblant Home","description":"Real Estate Broke Engel &amp; V\u00f6lkers","potentialAction":[{"@type":"SearchAction","target":{"@type":"EntryPoint","urlTemplate":"https:\/\/tremblanthome.com\/fr\/?s={search_term_string}"},"query-input":{"@type":"PropertyValueSpecification","valueRequired":true,"valueName":"search_term_string"}}],"inLanguage":"fr-FR"}]}},"_links":{"self":[{"href":"https:\/\/tremblanthome.com\/fr\/wp-json\/wp\/v2\/pages\/503","targetHints":{"allow":["GET"]}}],"collection":[{"href":"https:\/\/tremblanthome.com\/fr\/wp-json\/wp\/v2\/pages"}],"about":[{"href":"https:\/\/tremblanthome.com\/fr\/wp-json\/wp\/v2\/types\/page"}],"author":[{"embeddable":true,"href":"https:\/\/tremblanthome.com\/fr\/wp-json\/wp\/v2\/users\/1"}],"replies":[{"embeddable":true,"href":"https:\/\/tremblanthome.com\/fr\/wp-json\/wp\/v2\/comments?post=503"}],"version-history":[{"count":5,"href":"https:\/\/tremblanthome.com\/fr\/wp-json\/wp\/v2\/pages\/503\/revisions"}],"predecessor-version":[{"id":5251,"href":"https:\/\/tremblanthome.com\/fr\/wp-json\/wp\/v2\/pages\/503\/revisions\/5251"}],"wp:attachment":[{"href":"https:\/\/tremblanthome.com\/fr\/wp-json\/wp\/v2\/media?parent=503"}],"curies":[{"name":"wp","href":"https:\/\/api.w.org\/{rel}","templated":true}]}}