{"id":513,"date":"2022-11-28T07:53:46","date_gmt":"2022-11-28T12:53:46","guid":{"rendered":"http:\/\/tremblanthome.com\/?page_id=513"},"modified":"2024-12-03T11:09:11","modified_gmt":"2024-12-03T16:09:11","slug":"groupe-hummell","status":"publish","type":"page","link":"https:\/\/tremblanthome.com\/fr\/groupe-hummell\/","title":{"rendered":"Groupe Hummell"},"content":{"rendered":"","protected":false},"excerpt":{"rendered":"","protected":false},"author":1,"featured_media":0,"parent":0,"menu_order":0,"comment_status":"closed","ping_status":"closed","template":"","meta":{"_acf_changed":false,"om_disable_all_campaigns":false,"footnotes":""},"class_list":["post-513","page","type-page","status-publish","hentry","entry"],"acf":[],"yoast_head":"<!-- This site is optimized with the Yoast SEO plugin v26.8 - https:\/\/yoast.com\/product\/yoast-seo-wordpress\/ -->\n<title>Courtier Immobilier \u00e0 Mont-Tremblant - Tremblant Home<\/title>\n<meta name=\"description\" content=\"Rencontrez l&#039;\u00e9quipe du Groupe Hummell. Nos courtier immobiliers ont plus de 40 ans d&#039;exp\u00e9rience combin\u00e9e en tourisme et en immobilier \u00e0 Mont-Tremblant.\" \/>\n<meta name=\"robots\" content=\"index, follow, max-snippet:-1, max-image-preview:large, max-video-preview:-1\" \/>\n<link rel=\"canonical\" href=\"https:\/\/tremblanthome.com\/fr\/groupe-hummell\/\" \/>\n<meta property=\"og:locale\" content=\"fr_FR\" \/>\n<meta property=\"og:type\" content=\"article\" \/>\n<meta property=\"og:title\" content=\"Courtier Immobilier \u00e0 Mont-Tremblant - Tremblant Home\" \/>\n<meta property=\"og:description\" content=\"Rencontrez l&#039;\u00e9quipe du Groupe Hummell. Nos courtier immobiliers ont plus de 40 ans d&#039;exp\u00e9rience combin\u00e9e en tourisme et en immobilier \u00e0 Mont-Tremblant.\" \/>\n<meta property=\"og:url\" content=\"https:\/\/tremblanthome.com\/fr\/groupe-hummell\/\" \/>\n<meta property=\"og:site_name\" content=\"Sean Hummell - Tremblant Home\" \/>\n<meta property=\"article:modified_time\" content=\"2024-12-03T16:09:11+00:00\" \/>\n<meta name=\"twitter:card\" content=\"summary_large_image\" \/>\n<script type=\"application\/ld+json\" class=\"yoast-schema-graph\">{\"@context\":\"https:\/\/schema.org\",\"@graph\":[{\"@type\":\"WebPage\",\"@id\":\"https:\/\/tremblanthome.com\/fr\/groupe-hummell\/\",\"url\":\"https:\/\/tremblanthome.com\/fr\/groupe-hummell\/\",\"name\":\"Courtier Immobilier \u00e0 Mont-Tremblant - Tremblant Home\",\"isPartOf\":{\"@id\":\"https:\/\/tremblanthome.com\/fr\/#website\"},\"datePublished\":\"2022-11-28T12:53:46+00:00\",\"dateModified\":\"2024-12-03T16:09:11+00:00\",\"description\":\"Rencontrez l'\u00e9quipe du Groupe Hummell. Nos courtier immobiliers ont plus de 40 ans d'exp\u00e9rience combin\u00e9e en tourisme et en immobilier \u00e0 Mont-Tremblant.\",\"breadcrumb\":{\"@id\":\"https:\/\/tremblanthome.com\/fr\/groupe-hummell\/#breadcrumb\"},\"inLanguage\":\"fr-FR\",\"potentialAction\":[{\"@type\":\"ReadAction\",\"target\":[\"https:\/\/tremblanthome.com\/fr\/groupe-hummell\/\"]}]},{\"@type\":\"BreadcrumbList\",\"@id\":\"https:\/\/tremblanthome.com\/fr\/groupe-hummell\/#breadcrumb\",\"itemListElement\":[{\"@type\":\"ListItem\",\"position\":1,\"name\":\"Home\",\"item\":\"https:\/\/tremblanthome.com\/fr\/accueil\/\"},{\"@type\":\"ListItem\",\"position\":2,\"name\":\"Groupe Hummell\"}]},{\"@type\":\"WebSite\",\"@id\":\"https:\/\/tremblanthome.com\/fr\/#website\",\"url\":\"https:\/\/tremblanthome.com\/fr\/\",\"name\":\"Sean Hummell - Tremblant Home\",\"description\":\"Real Estate Broke Engel &amp; V\u00f6lkers\",\"potentialAction\":[{\"@type\":\"SearchAction\",\"target\":{\"@type\":\"EntryPoint\",\"urlTemplate\":\"https:\/\/tremblanthome.com\/fr\/?s={search_term_string}\"},\"query-input\":{\"@type\":\"PropertyValueSpecification\",\"valueRequired\":true,\"valueName\":\"search_term_string\"}}],\"inLanguage\":\"fr-FR\"}]}<\/script>\n<!-- \/ Yoast SEO plugin. -->","yoast_head_json":{"title":"Courtier Immobilier \u00e0 Mont-Tremblant - Tremblant Home","description":"Rencontrez l'\u00e9quipe du Groupe Hummell. Nos courtier immobiliers ont plus de 40 ans d'exp\u00e9rience combin\u00e9e en tourisme et en immobilier \u00e0 Mont-Tremblant.","robots":{"index":"index","follow":"follow","max-snippet":"max-snippet:-1","max-image-preview":"max-image-preview:large","max-video-preview":"max-video-preview:-1"},"canonical":"https:\/\/tremblanthome.com\/fr\/groupe-hummell\/","og_locale":"fr_FR","og_type":"article","og_title":"Courtier Immobilier \u00e0 Mont-Tremblant - Tremblant Home","og_description":"Rencontrez l'\u00e9quipe du Groupe Hummell. Nos courtier immobiliers ont plus de 40 ans d'exp\u00e9rience combin\u00e9e en tourisme et en immobilier \u00e0 Mont-Tremblant.","og_url":"https:\/\/tremblanthome.com\/fr\/groupe-hummell\/","og_site_name":"Sean Hummell - Tremblant Home","article_modified_time":"2024-12-03T16:09:11+00:00","twitter_card":"summary_large_image","schema":{"@context":"https:\/\/schema.org","@graph":[{"@type":"WebPage","@id":"https:\/\/tremblanthome.com\/fr\/groupe-hummell\/","url":"https:\/\/tremblanthome.com\/fr\/groupe-hummell\/","name":"Courtier Immobilier \u00e0 Mont-Tremblant - Tremblant Home","isPartOf":{"@id":"https:\/\/tremblanthome.com\/fr\/#website"},"datePublished":"2022-11-28T12:53:46+00:00","dateModified":"2024-12-03T16:09:11+00:00","description":"Rencontrez l'\u00e9quipe du Groupe Hummell. Nos courtier immobiliers ont plus de 40 ans d'exp\u00e9rience combin\u00e9e en tourisme et en immobilier \u00e0 Mont-Tremblant.","breadcrumb":{"@id":"https:\/\/tremblanthome.com\/fr\/groupe-hummell\/#breadcrumb"},"inLanguage":"fr-FR","potentialAction":[{"@type":"ReadAction","target":["https:\/\/tremblanthome.com\/fr\/groupe-hummell\/"]}]},{"@type":"BreadcrumbList","@id":"https:\/\/tremblanthome.com\/fr\/groupe-hummell\/#breadcrumb","itemListElement":[{"@type":"ListItem","position":1,"name":"Home","item":"https:\/\/tremblanthome.com\/fr\/accueil\/"},{"@type":"ListItem","position":2,"name":"Groupe Hummell"}]},{"@type":"WebSite","@id":"https:\/\/tremblanthome.com\/fr\/#website","url":"https:\/\/tremblanthome.com\/fr\/","name":"Sean Hummell - Tremblant Home","description":"Real Estate Broke Engel &amp; V\u00f6lkers","potentialAction":[{"@type":"SearchAction","target":{"@type":"EntryPoint","urlTemplate":"https:\/\/tremblanthome.com\/fr\/?s={search_term_string}"},"query-input":{"@type":"PropertyValueSpecification","valueRequired":true,"valueName":"search_term_string"}}],"inLanguage":"fr-FR"}]}},"_links":{"self":[{"href":"https:\/\/tremblanthome.com\/fr\/wp-json\/wp\/v2\/pages\/513","targetHints":{"allow":["GET"]}}],"collection":[{"href":"https:\/\/tremblanthome.com\/fr\/wp-json\/wp\/v2\/pages"}],"about":[{"href":"https:\/\/tremblanthome.com\/fr\/wp-json\/wp\/v2\/types\/page"}],"author":[{"embeddable":true,"href":"https:\/\/tremblanthome.com\/fr\/wp-json\/wp\/v2\/users\/1"}],"replies":[{"embeddable":true,"href":"https:\/\/tremblanthome.com\/fr\/wp-json\/wp\/v2\/comments?post=513"}],"version-history":[{"count":33,"href":"https:\/\/tremblanthome.com\/fr\/wp-json\/wp\/v2\/pages\/513\/revisions"}],"predecessor-version":[{"id":4684,"href":"https:\/\/tremblanthome.com\/fr\/wp-json\/wp\/v2\/pages\/513\/revisions\/4684"}],"wp:attachment":[{"href":"https:\/\/tremblanthome.com\/fr\/wp-json\/wp\/v2\/media?parent=513"}],"curies":[{"name":"wp","href":"https:\/\/api.w.org\/{rel}","templated":true}]}}